{"id":100000326,"date":"2024-06-16T22:10:39","date_gmt":"2024-06-16T20:10:39","guid":{"rendered":"https:\/\/music-on-the-line.com\/?post_type=product&#038;p=100000326"},"modified":"2024-06-16T22:10:39","modified_gmt":"2024-06-16T20:10:39","slug":"hollywood-vampires-limitiertes-gitarrenpick-set","status":"publish","type":"product","link":"https:\/\/music-on-the-line.com\/home-shop\/shop\/gitarrenplektren\/hollywood-vampires-limitiertes-gitarrenpick-set\/","title":{"rendered":"Hollywood Vampires limitiertes Gitarrenpick Set"},"content":{"rendered":"<p>Dieses Item war k\u00e4uflich zu erwerben auf der Hollywood Vampires Tour 2019. Dieses Item wurde streng limtiert verkauft und war schnell ausverkauft. Ein echtes Sammlerst\u00fcck f\u00fcr jeden Fan der Band.<\/p>\n<p>&#8222;Rise&#8220;<\/p>\n<p>Das Item ist selbstverst\u00e4ndlich unge\u00f6ffnet.<\/p>\n","protected":false},"excerpt":{"rendered":"<p>Dieses Item war k\u00e4uflich zu erwerben auf der Hollywood Vampires Tour 2019. Dieses Item wurde streng limtiert verkauft und war schnell ausverkauft. Ein echtes Sammlerst\u00fcck f\u00fcr jeden Fan der Band. &#8222;Rise&#8220; Das Item ist selbstverst\u00e4ndlich unge\u00f6ffnet.<\/p>\n","protected":false},"featured_media":100000327,"comment_status":"open","ping_status":"closed","template":"","meta":{"_bbp_topic_count":0,"_bbp_reply_count":0,"_bbp_total_topic_count":0,"_bbp_total_reply_count":0,"_bbp_voice_count":0,"_bbp_anonymous_reply_count":0,"_bbp_topic_count_hidden":0,"_bbp_reply_count_hidden":0,"_bbp_forum_subforum_count":0},"product_cat":[67],"product_tag":[176,179,180,175,178,177,181],"class_list":{"0":"post-100000326","1":"product","2":"type-product","3":"status-publish","4":"has-post-thumbnail","6":"product_cat-gitarrenplektren","7":"product_tag-alice-cooper","8":"product_tag-gitarren-plektrum","9":"product_tag-guitar-pick","10":"product_tag-hollywood-vampires","11":"product_tag-joe-perry","12":"product_tag-johnny-depp","13":"product_tag-sammlerstueck","14":"post","16":"first","17":"instock","18":"taxable","19":"shipping-taxable","20":"purchasable","21":"product-type-simple"},"jetpack_sharing_enabled":true,"_links":{"self":[{"href":"https:\/\/music-on-the-line.com\/home-shop\/wp-json\/wp\/v2\/product\/100000326"}],"collection":[{"href":"https:\/\/music-on-the-line.com\/home-shop\/wp-json\/wp\/v2\/product"}],"about":[{"href":"https:\/\/music-on-the-line.com\/home-shop\/wp-json\/wp\/v2\/types\/product"}],"replies":[{"embeddable":true,"href":"https:\/\/music-on-the-line.com\/home-shop\/wp-json\/wp\/v2\/comments?post=100000326"}],"wp:featuredmedia":[{"embeddable":true,"href":"https:\/\/music-on-the-line.com\/home-shop\/wp-json\/wp\/v2\/media\/100000327"}],"wp:attachment":[{"href":"https:\/\/music-on-the-line.com\/home-shop\/wp-json\/wp\/v2\/media?parent=100000326"}],"wp:term":[{"taxonomy":"product_cat","embeddable":true,"href":"https:\/\/music-on-the-line.com\/home-shop\/wp-json\/wp\/v2\/product_cat?post=100000326"},{"taxonomy":"product_tag","embeddable":true,"href":"https:\/\/music-on-the-line.com\/home-shop\/wp-json\/wp\/v2\/product_tag?post=100000326"}],"curies":[{"name":"wp","href":"https:\/\/api.w.org\/{rel}","templated":true}]}}