{"id":100000189,"date":"2024-05-20T20:07:19","date_gmt":"2024-05-20T18:07:19","guid":{"rendered":"https:\/\/music-on-the-line.com\/?post_type=product&#038;p=100000189"},"modified":"2024-05-20T20:07:19","modified_gmt":"2024-05-20T18:07:19","slug":"limited-kiss-vip-item-kiss-world-tour-2017-ovp","status":"publish","type":"product","link":"https:\/\/music-on-the-line.com\/home-shop\/shop\/andere\/limited-kiss-vip-item-kiss-world-tour-2017-ovp\/","title":{"rendered":"Limited KISS VIP Item KISS World Tour 2017 (OVP)"},"content":{"rendered":"<p>Original Eingeschwei\u00dftes Autoschild &#8211; VIP Item zum Meet and Greet mit der Band KISS (2017)<\/p>\n<p>(Gab es nicht separat zu kaufen. Nur f\u00fcr die K\u00e4ufer eines VIP Tickets).<\/p>\n<p>&nbsp;<\/p>\n","protected":false},"excerpt":{"rendered":"<p>Original Eingeschwei\u00dftes Autoschild &#8211; VIP Item zum Meet and Greet mit der Band KISS (2017) (Gab es nicht separat zu kaufen. Nur f\u00fcr die K\u00e4ufer eines VIP Tickets). &nbsp;<\/p>\n","protected":false},"featured_media":100000166,"comment_status":"open","ping_status":"closed","template":"","meta":{"_bbp_topic_count":0,"_bbp_reply_count":0,"_bbp_total_topic_count":0,"_bbp_total_reply_count":0,"_bbp_voice_count":0,"_bbp_anonymous_reply_count":0,"_bbp_topic_count_hidden":0,"_bbp_reply_count_hidden":0,"_bbp_forum_subforum_count":0},"product_cat":[36],"product_tag":[],"class_list":{"0":"post-100000189","1":"product","2":"type-product","3":"status-publish","4":"has-post-thumbnail","6":"product_cat-andere","7":"post","9":"first","10":"instock","11":"taxable","12":"shipping-taxable","13":"purchasable","14":"product-type-simple"},"jetpack_sharing_enabled":true,"_links":{"self":[{"href":"https:\/\/music-on-the-line.com\/home-shop\/wp-json\/wp\/v2\/product\/100000189"}],"collection":[{"href":"https:\/\/music-on-the-line.com\/home-shop\/wp-json\/wp\/v2\/product"}],"about":[{"href":"https:\/\/music-on-the-line.com\/home-shop\/wp-json\/wp\/v2\/types\/product"}],"replies":[{"embeddable":true,"href":"https:\/\/music-on-the-line.com\/home-shop\/wp-json\/wp\/v2\/comments?post=100000189"}],"wp:featuredmedia":[{"embeddable":true,"href":"https:\/\/music-on-the-line.com\/home-shop\/wp-json\/wp\/v2\/media\/100000166"}],"wp:attachment":[{"href":"https:\/\/music-on-the-line.com\/home-shop\/wp-json\/wp\/v2\/media?parent=100000189"}],"wp:term":[{"taxonomy":"product_cat","embeddable":true,"href":"https:\/\/music-on-the-line.com\/home-shop\/wp-json\/wp\/v2\/product_cat?post=100000189"},{"taxonomy":"product_tag","embeddable":true,"href":"https:\/\/music-on-the-line.com\/home-shop\/wp-json\/wp\/v2\/product_tag?post=100000189"}],"curies":[{"name":"wp","href":"https:\/\/api.w.org\/{rel}","templated":true}]}}